{"id":33,"date":"2022-11-15T18:16:58","date_gmt":"2022-11-15T16:16:58","guid":{"rendered":"https:\/\/etnabrasyl.com\/?page_id=33"},"modified":"2022-11-16T14:35:51","modified_gmt":"2022-11-16T12:35:51","slug":"free-feeling-singers","status":"publish","type":"page","link":"https:\/\/etnabrasyl.com\/index.php\/free-feeling-singers\/","title":{"rendered":"Free Feeling Singers"},"content":{"rendered":"\n<h4 class=\"wp-block-heading\">Gospel et plus&#8230;<\/h4>\n\n\n\n<div class=\"wp-block-columns alignwide are-vertically-aligned-center is-layout-flex wp-container-core-columns-is-layout-d7d455e7 wp-block-columns-is-layout-flex\" style=\"padding-top:0;padding-right:0;padding-bottom:0;padding-left:0\">\n<div class=\"wp-block-column is-vertically-aligned-center is-layout-flow wp-block-column-is-layout-flow\">\n<figure class=\"wp-block-image aligncenter size-full is-resized\"><img loading=\"lazy\" decoding=\"async\" src=\"https:\/\/etnabrasyl.com\/wp-content\/uploads\/2022\/11\/FFS.jpg\" alt=\"\" class=\"wp-image-34\" width=\"505\" height=\"712\" srcset=\"https:\/\/etnabrasyl.com\/wp-content\/uploads\/2022\/11\/FFS.jpg 720w, https:\/\/etnabrasyl.com\/wp-content\/uploads\/2022\/11\/FFS-213x300.jpg 213w\" sizes=\"auto, (max-width: 505px) 100vw, 505px\" \/><\/figure>\n<\/div>\n\n\n\n<div class=\"wp-block-column is-vertically-aligned-center is-layout-flow wp-block-column-is-layout-flow\">\n<p>C&rsquo;est une formation innovante et authentique, des artistes issus d&rsquo;origines diverses apportant chacun sa sp\u00e9cialit\u00e9 par le gospel, la soul, la bossa nova, le jazz en passant \u00e9galement par la world music.<\/p>\n\n\n\n<p>Ces artistes donnent \u00e0 ce collectif une tonalit\u00e9 et une couleur musicalement surprenante.<\/p>\n\n\n\n<p>Tous ont collabor\u00e9 avec de grands artistes fran\u00e7ais et de la sc\u00e8ne internationale comme Ray Charles, Rhoda Scott, Liz Mac Comb, Jean Carpenter, Linda Lee Hopkins, Gospel pour 100 voix, Quincy Jones, Lionel Ritchie, C\u00e9line Dion, Johnny Hallyday, Seal, Garou, Mika, Soprano, Florent Pagny, Kendji Girac, Gims, Anggun, Pascal O Bispo, Nicoletta, Billy Obam, les Gibson Brothers, Boney&rsquo;M et le groupe Kaoma.<\/p>\n<\/div>\n<\/div>\n\n\n\n<div style=\"height:100px\" aria-hidden=\"true\" class=\"wp-block-spacer\"><\/div>\n\n\n\n<figure class=\"wp-block-gallery has-nested-images columns-default is-cropped wp-block-gallery-1 is-layout-flex wp-block-gallery-is-layout-flex\">\n<figure class=\"wp-block-image size-large\"><img loading=\"lazy\" decoding=\"async\" width=\"1288\" height=\"805\" data-id=\"137\" src=\"https:\/\/etnabrasyl.com\/wp-content\/uploads\/2022\/11\/FFS-2-edited.jpg\" alt=\"\" class=\"wp-image-137\" srcset=\"https:\/\/etnabrasyl.com\/wp-content\/uploads\/2022\/11\/FFS-2-edited.jpg 1288w, https:\/\/etnabrasyl.com\/wp-content\/uploads\/2022\/11\/FFS-2-edited-300x188.jpg 300w, https:\/\/etnabrasyl.com\/wp-content\/uploads\/2022\/11\/FFS-2-edited-1024x640.jpg 1024w, https:\/\/etnabrasyl.com\/wp-content\/uploads\/2022\/11\/FFS-2-edited-768x480.jpg 768w\" sizes=\"auto, (max-width: 1288px) 100vw, 1288px\" \/><\/figure>\n\n\n\n<figure class=\"wp-block-image size-large\"><img loading=\"lazy\" decoding=\"async\" width=\"900\" height=\"563\" data-id=\"138\" src=\"https:\/\/etnabrasyl.com\/wp-content\/uploads\/2022\/11\/FFS-4-edited.jpg\" alt=\"\" class=\"wp-image-138\" srcset=\"https:\/\/etnabrasyl.com\/wp-content\/uploads\/2022\/11\/FFS-4-edited.jpg 900w, https:\/\/etnabrasyl.com\/wp-content\/uploads\/2022\/11\/FFS-4-edited-300x188.jpg 300w, https:\/\/etnabrasyl.com\/wp-content\/uploads\/2022\/11\/FFS-4-edited-768x480.jpg 768w\" sizes=\"auto, (max-width: 900px) 100vw, 900px\" \/><\/figure>\n\n\n\n<figure class=\"wp-block-image size-large\"><img loading=\"lazy\" decoding=\"async\" width=\"800\" height=\"533\" data-id=\"136\" src=\"https:\/\/etnabrasyl.com\/wp-content\/uploads\/2022\/11\/FFS-13-edited-2.jpg\" alt=\"\" class=\"wp-image-136\" srcset=\"https:\/\/etnabrasyl.com\/wp-content\/uploads\/2022\/11\/FFS-13-edited-2.jpg 800w, https:\/\/etnabrasyl.com\/wp-content\/uploads\/2022\/11\/FFS-13-edited-2-300x200.jpg 300w, https:\/\/etnabrasyl.com\/wp-content\/uploads\/2022\/11\/FFS-13-edited-2-768x512.jpg 768w\" sizes=\"auto, (max-width: 800px) 100vw, 800px\" \/><\/figure>\n\n\n\n<figure class=\"wp-block-image size-large\"><img loading=\"lazy\" decoding=\"async\" width=\"1024\" height=\"768\" data-id=\"113\" src=\"https:\/\/etnabrasyl.com\/wp-content\/uploads\/2022\/11\/FFS-6-1024x768.jpg\" alt=\"\" class=\"wp-image-113\" srcset=\"https:\/\/etnabrasyl.com\/wp-content\/uploads\/2022\/11\/FFS-6-1024x768.jpg 1024w, https:\/\/etnabrasyl.com\/wp-content\/uploads\/2022\/11\/FFS-6-300x225.jpg 300w, https:\/\/etnabrasyl.com\/wp-content\/uploads\/2022\/11\/FFS-6-768x576.jpg 768w, https:\/\/etnabrasyl.com\/wp-content\/uploads\/2022\/11\/FFS-6-1536x1152.jpg 1536w, https:\/\/etnabrasyl.com\/wp-content\/uploads\/2022\/11\/FFS-6.jpg 1600w\" sizes=\"auto, (max-width: 1024px) 100vw, 1024px\" \/><\/figure>\n\n\n\n<figure class=\"wp-block-image size-large\"><img loading=\"lazy\" decoding=\"async\" width=\"1024\" height=\"852\" data-id=\"115\" src=\"https:\/\/etnabrasyl.com\/wp-content\/uploads\/2022\/11\/FFS-8-1024x852.jpg\" alt=\"\" class=\"wp-image-115\" srcset=\"https:\/\/etnabrasyl.com\/wp-content\/uploads\/2022\/11\/FFS-8-1024x852.jpg 1024w, https:\/\/etnabrasyl.com\/wp-content\/uploads\/2022\/11\/FFS-8-300x250.jpg 300w, https:\/\/etnabrasyl.com\/wp-content\/uploads\/2022\/11\/FFS-8-768x639.jpg 768w, https:\/\/etnabrasyl.com\/wp-content\/uploads\/2022\/11\/FFS-8.jpg 1486w\" sizes=\"auto, (max-width: 1024px) 100vw, 1024px\" \/><\/figure>\n\n\n\n<figure class=\"wp-block-image size-large\"><img loading=\"lazy\" decoding=\"async\" width=\"768\" height=\"1024\" data-id=\"114\" src=\"https:\/\/etnabrasyl.com\/wp-content\/uploads\/2022\/11\/FFS-7-768x1024.jpg\" alt=\"\" class=\"wp-image-114\" srcset=\"https:\/\/etnabrasyl.com\/wp-content\/uploads\/2022\/11\/FFS-7-768x1024.jpg 768w, https:\/\/etnabrasyl.com\/wp-content\/uploads\/2022\/11\/FFS-7-225x300.jpg 225w, https:\/\/etnabrasyl.com\/wp-content\/uploads\/2022\/11\/FFS-7-1152x1536.jpg 1152w, https:\/\/etnabrasyl.com\/wp-content\/uploads\/2022\/11\/FFS-7.jpg 1200w\" sizes=\"auto, (max-width: 768px) 100vw, 768px\" \/><\/figure>\n\n\n\n<figure class=\"wp-block-image size-large\"><img loading=\"lazy\" decoding=\"async\" width=\"1024\" height=\"1024\" data-id=\"116\" src=\"https:\/\/etnabrasyl.com\/wp-content\/uploads\/2022\/11\/FFS-1-1024x1024.jpeg\" alt=\"\" class=\"wp-image-116\" srcset=\"https:\/\/etnabrasyl.com\/wp-content\/uploads\/2022\/11\/FFS-1-1024x1024.jpeg 1024w, https:\/\/etnabrasyl.com\/wp-content\/uploads\/2022\/11\/FFS-1-300x300.jpeg 300w, https:\/\/etnabrasyl.com\/wp-content\/uploads\/2022\/11\/FFS-1-150x150.jpeg 150w, https:\/\/etnabrasyl.com\/wp-content\/uploads\/2022\/11\/FFS-1-768x768.jpeg 768w, https:\/\/etnabrasyl.com\/wp-content\/uploads\/2022\/11\/FFS-1.jpeg 1200w\" sizes=\"auto, (max-width: 1024px) 100vw, 1024px\" \/><\/figure>\n\n\n\n<figure class=\"wp-block-image size-large\"><img loading=\"lazy\" decoding=\"async\" width=\"480\" height=\"640\" data-id=\"117\" src=\"https:\/\/etnabrasyl.com\/wp-content\/uploads\/2022\/11\/FFS-1.jpg\" alt=\"\" class=\"wp-image-117\" srcset=\"https:\/\/etnabrasyl.com\/wp-content\/uploads\/2022\/11\/FFS-1.jpg 480w, https:\/\/etnabrasyl.com\/wp-content\/uploads\/2022\/11\/FFS-1-225x300.jpg 225w\" sizes=\"auto, (max-width: 480px) 100vw, 480px\" \/><\/figure>\n\n\n\n<figure class=\"wp-block-image size-large\"><img loading=\"lazy\" decoding=\"async\" width=\"1024\" height=\"700\" data-id=\"119\" src=\"https:\/\/etnabrasyl.com\/wp-content\/uploads\/2022\/11\/FFS-10-1024x700.jpg\" alt=\"\" class=\"wp-image-119\" srcset=\"https:\/\/etnabrasyl.com\/wp-content\/uploads\/2022\/11\/FFS-10-1024x700.jpg 1024w, https:\/\/etnabrasyl.com\/wp-content\/uploads\/2022\/11\/FFS-10-300x205.jpg 300w, https:\/\/etnabrasyl.com\/wp-content\/uploads\/2022\/11\/FFS-10-768x525.jpg 768w, https:\/\/etnabrasyl.com\/wp-content\/uploads\/2022\/11\/FFS-10.jpg 1080w\" sizes=\"auto, (max-width: 1024px) 100vw, 1024px\" \/><\/figure>\n\n\n\n<figure class=\"wp-block-image size-large\"><img loading=\"lazy\" decoding=\"async\" width=\"320\" height=\"240\" data-id=\"123\" src=\"https:\/\/etnabrasyl.com\/wp-content\/uploads\/2022\/11\/FFS-14.jpg\" alt=\"\" class=\"wp-image-123\" srcset=\"https:\/\/etnabrasyl.com\/wp-content\/uploads\/2022\/11\/FFS-14.jpg 320w, https:\/\/etnabrasyl.com\/wp-content\/uploads\/2022\/11\/FFS-14-300x225.jpg 300w\" sizes=\"auto, (max-width: 320px) 100vw, 320px\" \/><\/figure>\n\n\n\n<figure class=\"wp-block-image size-large\"><img loading=\"lazy\" decoding=\"async\" width=\"1024\" height=\"498\" data-id=\"121\" src=\"https:\/\/etnabrasyl.com\/wp-content\/uploads\/2022\/11\/FFS-12-1024x498.jpg\" alt=\"\" class=\"wp-image-121\" srcset=\"https:\/\/etnabrasyl.com\/wp-content\/uploads\/2022\/11\/FFS-12-1024x498.jpg 1024w, https:\/\/etnabrasyl.com\/wp-content\/uploads\/2022\/11\/FFS-12-300x146.jpg 300w, https:\/\/etnabrasyl.com\/wp-content\/uploads\/2022\/11\/FFS-12-768x373.jpg 768w, https:\/\/etnabrasyl.com\/wp-content\/uploads\/2022\/11\/FFS-12.jpg 1416w\" sizes=\"auto, (max-width: 1024px) 100vw, 1024px\" \/><\/figure>\n\n\n\n<figure class=\"wp-block-image size-large\"><img loading=\"lazy\" decoding=\"async\" width=\"1024\" height=\"768\" data-id=\"112\" src=\"https:\/\/etnabrasyl.com\/wp-content\/uploads\/2022\/11\/FFS-5-1024x768.jpg\" alt=\"\" class=\"wp-image-112\" srcset=\"https:\/\/etnabrasyl.com\/wp-content\/uploads\/2022\/11\/FFS-5-1024x768.jpg 1024w, https:\/\/etnabrasyl.com\/wp-content\/uploads\/2022\/11\/FFS-5-300x225.jpg 300w, https:\/\/etnabrasyl.com\/wp-content\/uploads\/2022\/11\/FFS-5-768x576.jpg 768w, https:\/\/etnabrasyl.com\/wp-content\/uploads\/2022\/11\/FFS-5.jpg 1296w\" sizes=\"auto, (max-width: 1024px) 100vw, 1024px\" \/><\/figure>\n\n\n\n<figure class=\"wp-block-image size-large\"><img loading=\"lazy\" decoding=\"async\" width=\"1024\" height=\"768\" data-id=\"125\" src=\"https:\/\/etnabrasyl.com\/wp-content\/uploads\/2022\/11\/FFS-16-1024x768.jpg\" alt=\"\" class=\"wp-image-125\" srcset=\"https:\/\/etnabrasyl.com\/wp-content\/uploads\/2022\/11\/FFS-16-1024x768.jpg 1024w, https:\/\/etnabrasyl.com\/wp-content\/uploads\/2022\/11\/FFS-16-300x225.jpg 300w, https:\/\/etnabrasyl.com\/wp-content\/uploads\/2022\/11\/FFS-16-768x576.jpg 768w, https:\/\/etnabrasyl.com\/wp-content\/uploads\/2022\/11\/FFS-16-1536x1152.jpg 1536w, https:\/\/etnabrasyl.com\/wp-content\/uploads\/2022\/11\/FFS-16.jpg 1600w\" sizes=\"auto, (max-width: 1024px) 100vw, 1024px\" \/><\/figure>\n\n\n\n<figure class=\"wp-block-image size-large\"><img loading=\"lazy\" decoding=\"async\" width=\"1024\" height=\"768\" data-id=\"124\" src=\"https:\/\/etnabrasyl.com\/wp-content\/uploads\/2022\/11\/FFS-15-1024x768.jpg\" alt=\"\" class=\"wp-image-124\" srcset=\"https:\/\/etnabrasyl.com\/wp-content\/uploads\/2022\/11\/FFS-15-1024x768.jpg 1024w, https:\/\/etnabrasyl.com\/wp-content\/uploads\/2022\/11\/FFS-15-300x225.jpg 300w, https:\/\/etnabrasyl.com\/wp-content\/uploads\/2022\/11\/FFS-15-768x576.jpg 768w, https:\/\/etnabrasyl.com\/wp-content\/uploads\/2022\/11\/FFS-15-1536x1152.jpg 1536w, https:\/\/etnabrasyl.com\/wp-content\/uploads\/2022\/11\/FFS-15.jpg 1600w\" sizes=\"auto, (max-width: 1024px) 100vw, 1024px\" \/><\/figure>\n\n\n\n<figure class=\"wp-block-image size-large\"><img loading=\"lazy\" decoding=\"async\" width=\"1024\" height=\"768\" data-id=\"126\" src=\"https:\/\/etnabrasyl.com\/wp-content\/uploads\/2022\/11\/FFS-17-1024x768.jpg\" alt=\"\" class=\"wp-image-126\" srcset=\"https:\/\/etnabrasyl.com\/wp-content\/uploads\/2022\/11\/FFS-17-1024x768.jpg 1024w, https:\/\/etnabrasyl.com\/wp-content\/uploads\/2022\/11\/FFS-17-300x225.jpg 300w, https:\/\/etnabrasyl.com\/wp-content\/uploads\/2022\/11\/FFS-17-768x576.jpg 768w, https:\/\/etnabrasyl.com\/wp-content\/uploads\/2022\/11\/FFS-17-1536x1152.jpg 1536w, https:\/\/etnabrasyl.com\/wp-content\/uploads\/2022\/11\/FFS-17.jpg 1600w\" sizes=\"auto, (max-width: 1024px) 100vw, 1024px\" \/><\/figure>\n\n\n\n<figure class=\"wp-block-image size-large\"><img loading=\"lazy\" decoding=\"async\" width=\"768\" height=\"1024\" data-id=\"127\" src=\"https:\/\/etnabrasyl.com\/wp-content\/uploads\/2022\/11\/FFS-18-768x1024.jpg\" alt=\"\" class=\"wp-image-127\" srcset=\"https:\/\/etnabrasyl.com\/wp-content\/uploads\/2022\/11\/FFS-18-768x1024.jpg 768w, https:\/\/etnabrasyl.com\/wp-content\/uploads\/2022\/11\/FFS-18-225x300.jpg 225w, https:\/\/etnabrasyl.com\/wp-content\/uploads\/2022\/11\/FFS-18-1152x1536.jpg 1152w, https:\/\/etnabrasyl.com\/wp-content\/uploads\/2022\/11\/FFS-18.jpg 1200w\" sizes=\"auto, (max-width: 768px) 100vw, 768px\" \/><\/figure>\n\n\n\n<figure class=\"wp-block-image size-large\"><img loading=\"lazy\" decoding=\"async\" width=\"666\" height=\"500\" data-id=\"128\" src=\"https:\/\/etnabrasyl.com\/wp-content\/uploads\/2022\/11\/FFS-19.jpg\" alt=\"\" class=\"wp-image-128\" srcset=\"https:\/\/etnabrasyl.com\/wp-content\/uploads\/2022\/11\/FFS-19.jpg 666w, https:\/\/etnabrasyl.com\/wp-content\/uploads\/2022\/11\/FFS-19-300x225.jpg 300w\" sizes=\"auto, (max-width: 666px) 100vw, 666px\" \/><\/figure>\n\n\n\n<figure class=\"wp-block-image size-large\"><img loading=\"lazy\" decoding=\"async\" width=\"1024\" height=\"768\" data-id=\"129\" src=\"https:\/\/etnabrasyl.com\/wp-content\/uploads\/2022\/11\/FFS-3-1-1024x768.jpg\" alt=\"\" class=\"wp-image-129\" srcset=\"https:\/\/etnabrasyl.com\/wp-content\/uploads\/2022\/11\/FFS-3-1-1024x768.jpg 1024w, https:\/\/etnabrasyl.com\/wp-content\/uploads\/2022\/11\/FFS-3-1-300x225.jpg 300w, https:\/\/etnabrasyl.com\/wp-content\/uploads\/2022\/11\/FFS-3-1-768x576.jpg 768w, https:\/\/etnabrasyl.com\/wp-content\/uploads\/2022\/11\/FFS-3-1-1536x1152.jpg 1536w, https:\/\/etnabrasyl.com\/wp-content\/uploads\/2022\/11\/FFS-3-1.jpg 1600w\" sizes=\"auto, (max-width: 1024px) 100vw, 1024px\" \/><\/figure>\n\n\n\n<figure class=\"wp-block-image size-large\"><img loading=\"lazy\" decoding=\"async\" width=\"1024\" height=\"768\" data-id=\"139\" src=\"https:\/\/etnabrasyl.com\/wp-content\/uploads\/2022\/11\/FFS8-1024x768.jpg\" alt=\"\" class=\"wp-image-139\" srcset=\"https:\/\/etnabrasyl.com\/wp-content\/uploads\/2022\/11\/FFS8-1024x768.jpg 1024w, https:\/\/etnabrasyl.com\/wp-content\/uploads\/2022\/11\/FFS8-300x225.jpg 300w, https:\/\/etnabrasyl.com\/wp-content\/uploads\/2022\/11\/FFS8-768x576.jpg 768w, https:\/\/etnabrasyl.com\/wp-content\/uploads\/2022\/11\/FFS8-1536x1152.jpg 1536w, https:\/\/etnabrasyl.com\/wp-content\/uploads\/2022\/11\/FFS8.jpg 1600w\" sizes=\"auto, (max-width: 1024px) 100vw, 1024px\" \/><\/figure>\n\n\n\n<figure class=\"wp-block-image size-large\"><img loading=\"lazy\" decoding=\"async\" width=\"1024\" height=\"768\" data-id=\"140\" src=\"https:\/\/etnabrasyl.com\/wp-content\/uploads\/2022\/11\/FFS7-1024x768.jpg\" alt=\"\" class=\"wp-image-140\" srcset=\"https:\/\/etnabrasyl.com\/wp-content\/uploads\/2022\/11\/FFS7-1024x768.jpg 1024w, https:\/\/etnabrasyl.com\/wp-content\/uploads\/2022\/11\/FFS7-300x225.jpg 300w, https:\/\/etnabrasyl.com\/wp-content\/uploads\/2022\/11\/FFS7-768x576.jpg 768w, https:\/\/etnabrasyl.com\/wp-content\/uploads\/2022\/11\/FFS7-1536x1152.jpg 1536w, https:\/\/etnabrasyl.com\/wp-content\/uploads\/2022\/11\/FFS7.jpg 1600w\" sizes=\"auto, (max-width: 1024px) 100vw, 1024px\" \/><\/figure>\n<\/figure>\n\n\n\n<div style=\"height:100px\" aria-hidden=\"true\" class=\"wp-block-spacer\"><\/div>\n","protected":false},"excerpt":{"rendered":"<p>Gospel et plus&#8230; C&rsquo;est une formation innovante et authentique, des artistes issus d&rsquo;origines diverses apportant chacun sa sp\u00e9cialit\u00e9 par le gospel, la soul, la bossa nova, le jazz en passant \u00e9galement par la world music. Ces artistes donnent \u00e0 ce collectif une tonalit\u00e9 et une couleur musicalement surprenante. Tous ont collabor\u00e9 avec de grands artistes [&hellip;]<\/p>\n","protected":false},"author":1,"featured_media":0,"parent":0,"menu_order":0,"comment_status":"closed","ping_status":"closed","template":"","meta":{"om_disable_all_campaigns":false,"_monsterinsights_skip_tracking":false,"_monsterinsights_sitenote_active":false,"_monsterinsights_sitenote_note":"","_monsterinsights_sitenote_category":0,"site-sidebar-layout":"default","site-content-layout":"","ast-site-content-layout":"","site-content-style":"default","site-sidebar-style":"default","ast-global-header-display":"","ast-banner-title-visibility":"","ast-main-header-display":"","ast-hfb-above-header-display":"","ast-hfb-below-header-display":"","ast-hfb-mobile-header-display":"","site-post-title":"","ast-breadcrumbs-content":"","ast-featured-img":"","footer-sml-layout":"","theme-transparent-header-meta":"","adv-header-id-meta":"","stick-header-meta":"","header-above-stick-meta":"","header-main-stick-meta":"","header-below-stick-meta":"","astra-migrate-meta-layouts":"default","ast-page-background-enabled":"default","ast-page-background-meta":{"desktop":{"background-color":"var(--ast-global-color-4)","background-image":"","background-repeat":"repeat","background-position":"center center","background-size":"auto","background-attachment":"scroll","background-type":"","background-media":"","overlay-type":"","overlay-color":"","overlay-opacity":"","overlay-gradient":""},"tablet":{"background-color":"","background-image":"","background-repeat":"repeat","background-position":"center center","background-size":"auto","background-attachment":"scroll","background-type":"","background-media":"","overlay-type":"","overlay-color":"","overlay-opacity":"","overlay-gradient":""},"mobile":{"background-color":"","background-image":"","background-repeat":"repeat","background-position":"center center","background-size":"auto","background-attachment":"scroll","background-type":"","background-media":"","overlay-type":"","overlay-color":"","overlay-opacity":"","overlay-gradient":""}},"ast-content-background-meta":{"desktop":{"background-color":"var(--ast-global-color-5)","background-image":"","background-repeat":"repeat","background-position":"center center","background-size":"auto","background-attachment":"scroll","background-type":"","background-media":"","overlay-type":"","overlay-color":"","overlay-opacity":"","overlay-gradient":""},"tablet":{"background-color":"var(--ast-global-color-5)","background-image":"","background-repeat":"repeat","background-position":"center center","background-size":"auto","background-attachment":"scroll","background-type":"","background-media":"","overlay-type":"","overlay-color":"","overlay-opacity":"","overlay-gradient":""},"mobile":{"background-color":"var(--ast-global-color-5)","background-image":"","background-repeat":"repeat","background-position":"center center","background-size":"auto","background-attachment":"scroll","background-type":"","background-media":"","overlay-type":"","overlay-color":"","overlay-opacity":"","overlay-gradient":""}},"footnotes":""},"class_list":["post-33","page","type-page","status-publish","hentry"],"aioseo_notices":[],"_links":{"self":[{"href":"https:\/\/etnabrasyl.com\/index.php\/wp-json\/wp\/v2\/pages\/33","targetHints":{"allow":["GET"]}}],"collection":[{"href":"https:\/\/etnabrasyl.com\/index.php\/wp-json\/wp\/v2\/pages"}],"about":[{"href":"https:\/\/etnabrasyl.com\/index.php\/wp-json\/wp\/v2\/types\/page"}],"author":[{"embeddable":true,"href":"https:\/\/etnabrasyl.com\/index.php\/wp-json\/wp\/v2\/users\/1"}],"replies":[{"embeddable":true,"href":"https:\/\/etnabrasyl.com\/index.php\/wp-json\/wp\/v2\/comments?post=33"}],"version-history":[{"count":18,"href":"https:\/\/etnabrasyl.com\/index.php\/wp-json\/wp\/v2\/pages\/33\/revisions"}],"predecessor-version":[{"id":277,"href":"https:\/\/etnabrasyl.com\/index.php\/wp-json\/wp\/v2\/pages\/33\/revisions\/277"}],"wp:attachment":[{"href":"https:\/\/etnabrasyl.com\/index.php\/wp-json\/wp\/v2\/media?parent=33"}],"curies":[{"name":"wp","href":"https:\/\/api.w.org\/{rel}","templated":true}]}}